{"id":85,"date":"2024-05-07T13:32:03","date_gmt":"2024-05-07T20:32:03","guid":{"rendered":"https:\/\/raicesaromasac.com\/rars\/?page_id=85"},"modified":"2024-05-07T13:32:03","modified_gmt":"2024-05-07T20:32:03","slug":"quienes-somos","status":"publish","type":"page","link":"https:\/\/raicesaromasac.com\/rars\/quienes-somos\/","title":{"rendered":"\u00bfQui\u00e9nes somos?"},"content":{"rendered":"\n<div class=\"wp-block-columns is-layout-flex wp-container-core-columns-is-layout-1 wp-block-columns-is-layout-flex\">\n<div class=\"wp-block-column is-layout-flow wp-block-column-is-layout-flow\" style=\"flex-basis:33.33%\"><\/div>\n\n\n\n<div class=\"wp-block-column is-layout-flow wp-block-column-is-layout-flow\" style=\"flex-basis:66.66%\">\n<p>Somos una Asociaci\u00f3n sin fines de lucro que nace con la firme convicci\u00f3n de ser el v\u00ednculo entre la sociedad civil y las instituciones p\u00fablicas y privadas, a fin de acercar recursos y brindar capacitaciones para el trabajo a familias con vulnerabilidades y de esta manera contribuir al desarrollo econ\u00f3mico familiar y a una mejor calidad de vida de sus miembros.<\/p>\n\n\n\n<p>Tambi\u00e9n fomentamos la uni\u00f3n familiar, la cultura y los valores, mediante actividades que contribuyan a que los miembros de las familias interact\u00faen y de esta manera rescatar la comunicaci\u00f3n directa y no a trav\u00e9s de dispositivos electr\u00f3nicos.<\/p>\n\n\n\n<p>Creemos firmemente en la juventud que viene empujando fuerte y mediante nuestras actividades queremos fortalecer los lazos entre la experiencia y la juventud.<\/p>\n\n\n\n<p>Creemos firmemente que los recursos p\u00fablicos no son suficientes y por ende muchas familias se sientes desprotegidas al no ser beneficiados con apoyos y es aqu\u00ed que el trabajo de voluntarios y las donaciones del sector p\u00fablico y privado tienen un fin com\u00fan, hacer justicia social ante las necesidades humanas b\u00e1sicas, causas sociales y esfuerzos enfocados a la conservaci\u00f3n de nuestros recursos naturales.<\/p>\n<\/div>\n<\/div>\n\n\n\n<div class=\"wp-block-columns is-layout-flex wp-container-core-columns-is-layout-2 wp-block-columns-is-layout-flex\">\n<div class=\"wp-block-column is-layout-flow wp-block-column-is-layout-flow\" style=\"flex-basis:66.66%\">\n<h2 class=\"wp-block-heading\">Misi\u00f3n<\/h2>\n\n\n\n<p>Satisfacer las necesidades de los sectores m\u00e1s vulnerables, a trav\u00e9s de apoyo de las instituciones gubernamentales y de donaciones del sector privado para que las familias tengan mejor calidad de vida, haciendo \u00e9nfasis en las menos privilegiadas y as\u00ed construir las bases para una sociedad m\u00e1s pr\u00f3spera.<\/p>\n<\/div>\n\n\n\n<div class=\"wp-block-column is-layout-flow wp-block-column-is-layout-flow\" style=\"flex-basis:33.33%\"><\/div>\n<\/div>\n\n\n\n<div class=\"wp-block-columns is-layout-flex wp-container-core-columns-is-layout-3 wp-block-columns-is-layout-flex\">\n<div class=\"wp-block-column is-layout-flow wp-block-column-is-layout-flow\" style=\"flex-basis:33.33%\"><\/div>\n\n\n\n<div class=\"wp-block-column is-layout-flow wp-block-column-is-layout-flow\" style=\"flex-basis:66.66%\">\n<h2 class=\"wp-block-heading\">Visi\u00f3n<\/h2>\n\n\n\n<p>Ser una entidad consolidada, comprometida y punto referente de ayuda por y para las familias de la Regi\u00f3n de Los Tuxtlas; contribuir a heredar a las nuevas generaciones un mundo m\u00e1s justo, equitativo y con valores de justicia, lealtad, amor, equidad, igualdad y solidaridad.<\/p>\n<\/div>\n<\/div>\n","protected":false},"excerpt":{"rendered":"<p>Somos una Asociaci\u00f3n sin fines de lucro que nace con la firme convicci\u00f3n de ser el v\u00ednculo entre la sociedad civil y las instituciones p\u00fablicas y privadas, a fin de acercar recursos y brindar capacitaciones para el trabajo a familias con vulnerabilidades y de esta manera contribuir al desarrollo econ\u00f3mico familiar y a una mejor [&hellip;]<\/p>\n","protected":false},"author":1,"featured_media":0,"parent":0,"menu_order":0,"comment_status":"closed","ping_status":"closed","template":"","meta":{"footnotes":""},"_links":{"self":[{"href":"https:\/\/raicesaromasac.com\/rars\/wp-json\/wp\/v2\/pages\/85"}],"collection":[{"href":"https:\/\/raicesaromasac.com\/rars\/wp-json\/wp\/v2\/pages"}],"about":[{"href":"https:\/\/raicesaromasac.com\/rars\/wp-json\/wp\/v2\/types\/page"}],"author":[{"embeddable":true,"href":"https:\/\/raicesaromasac.com\/rars\/wp-json\/wp\/v2\/users\/1"}],"replies":[{"embeddable":true,"href":"https:\/\/raicesaromasac.com\/rars\/wp-json\/wp\/v2\/comments?post=85"}],"version-history":[{"count":1,"href":"https:\/\/raicesaromasac.com\/rars\/wp-json\/wp\/v2\/pages\/85\/revisions"}],"predecessor-version":[{"id":86,"href":"https:\/\/raicesaromasac.com\/rars\/wp-json\/wp\/v2\/pages\/85\/revisions\/86"}],"wp:attachment":[{"href":"https:\/\/raicesaromasac.com\/rars\/wp-json\/wp\/v2\/media?parent=85"}],"curies":[{"name":"wp","href":"https:\/\/api.w.org\/{rel}","templated":true}]}}